{"id":5288,"date":"2022-11-02T08:36:59","date_gmt":"2022-11-02T08:36:59","guid":{"rendered":"https:\/\/belgianfiresafety.com\/?page_id=5288"},"modified":"2022-11-02T08:58:17","modified_gmt":"2022-11-02T08:58:17","slug":"irrigation-agricole","status":"publish","type":"page","link":"https:\/\/belgianfiresafety.com\/fr\/irrigation-agricole\/","title":{"rendered":"Irrigation agricole"},"content":{"rendered":"<p>[et_pb_section fb_built=\u00a0\u00bb1&Prime; module_class=\u00a0\u00bbbanner-img\u00a0\u00bb _builder_version=\u00a0\u00bb4.18.0&Prime; _module_preset=\u00a0\u00bbdefault\u00a0\u00bb background_image=\u00a0\u00bbhttps:\/\/belgianfiresafety.com\/wp-content\/uploads\/2018\/06\/header-2.jpg\u00a0\u00bb custom_css_after=\u00a0\u00bbcontent:\u00a0\u00bb;||position: absolute;||    top: 0;||    left: 0;||    width: 100%;||    height: 100%;||    background: rgb(0,0,0);||    opacity: 0.5;||\u00a0\u00bb global_colors_info=\u00a0\u00bb{}\u00a0\u00bb][et_pb_row _builder_version=\u00a0\u00bb4.18.0&Prime; _module_preset=\u00a0\u00bbdefault\u00a0\u00bb global_colors_info=\u00a0\u00bb{}\u00a0\u00bb][et_pb_column type=\u00a0\u00bb4_4&Prime; _builder_version=\u00a0\u00bb4.18.0&Prime; _module_preset=\u00a0\u00bbdefault\u00a0\u00bb global_colors_info=\u00a0\u00bb{}\u00a0\u00bb][et_pb_text _builder_version=\u00a0\u00bb4.18.1&Prime; _module_preset=\u00a0\u00bbdefault\u00a0\u00bb header_font=\u00a0\u00bb|800|||||||\u00a0\u00bb header_text_align=\u00a0\u00bbcenter\u00a0\u00bb header_text_color=\u00a0\u00bb#FFFFFF\u00a0\u00bb header_font_size=\u00a0\u00bb45px\u00a0\u00bb hover_enabled=\u00a0\u00bb0&Prime; global_colors_info=\u00a0\u00bb{}\u00a0\u00bb sticky_enabled=\u00a0\u00bb0&Prime;]<\/p>\n<h1>L\u2019irrigation agricole<\/h1>\n<p>[\/et_pb_text][\/et_pb_column][\/et_pb_row][\/et_pb_section][et_pb_section fb_built=\u00a0\u00bb1&Prime; _builder_version=\u00a0\u00bb4.18.0&Prime; _module_preset=\u00a0\u00bbdefault\u00a0\u00bb global_colors_info=\u00a0\u00bb{}\u00a0\u00bb][et_pb_row column_structure=\u00a0\u00bb1_3,1_3,1_3&Prime; _builder_version=\u00a0\u00bb4.18.0&Prime; _module_preset=\u00a0\u00bbdefault\u00a0\u00bb global_colors_info=\u00a0\u00bb{}\u00a0\u00bb][et_pb_column type=\u00a0\u00bb1_3&Prime; _builder_version=\u00a0\u00bb4.18.0&Prime; _module_preset=\u00a0\u00bbdefault\u00a0\u00bb global_colors_info=\u00a0\u00bb{}\u00a0\u00bb][et_pb_text module_class=\u00a0\u00bbusp\u00a0\u00bb _builder_version=\u00a0\u00bb4.18.0&Prime; _module_preset=\u00a0\u00bbdefault\u00a0\u00bb custom_css_main_element=\u00a0\u00bbcolor: #a54424;||font-weight: bold;||font-size: 20px;\u00a0\u00bb global_colors_info=\u00a0\u00bb{}\u00a0\u00bb]<\/p>\n<p style=\"text-align: center;\">\u2713 Mat\u00e9riel d&rsquo;incendie et agricole<\/p>\n<p>[\/et_pb_text][\/et_pb_column][et_pb_column type=\u00a0\u00bb1_3&Prime; _builder_version=\u00a0\u00bb4.18.0&Prime; _module_preset=\u00a0\u00bbdefault\u00a0\u00bb global_colors_info=\u00a0\u00bb{}\u00a0\u00bb][et_pb_text module_class=\u00a0\u00bbusp\u00a0\u00bb _builder_version=\u00a0\u00bb4.18.0&Prime; _module_preset=\u00a0\u00bbdefault\u00a0\u00bb custom_css_main_element=\u00a0\u00bbcolor: #a54424;||font-weight: bold;||font-size: 20px;\u00a0\u00bb global_colors_info=\u00a0\u00bb{}\u00a0\u00bb]<\/p>\n<p style=\"text-align: center;\">\u2713 Exempt de substances nocives<\/p>\n<p>[\/et_pb_text][\/et_pb_column][et_pb_column type=\u00a0\u00bb1_3&Prime; _builder_version=\u00a0\u00bb4.18.0&Prime; _module_preset=\u00a0\u00bbdefault\u00a0\u00bb global_colors_info=\u00a0\u00bb{}\u00a0\u00bb][et_pb_text module_class=\u00a0\u00bbusp\u00a0\u00bb _builder_version=\u00a0\u00bb4.18.0&Prime; _module_preset=\u00a0\u00bbdefault\u00a0\u00bb custom_css_main_element=\u00a0\u00bbcolor: #a54424;||font-weight: bold;||font-size: 20px;\u00a0\u00bb global_colors_info=\u00a0\u00bb{}\u00a0\u00bb]<\/p>\n<p style=\"text-align: center;\">\u2713 Installation de l&rsquo;\u00e9quipement<\/p>\n<p>[\/et_pb_text][\/et_pb_column][\/et_pb_row][et_pb_row _builder_version=\u00a0\u00bb4.18.0&Prime; _module_preset=\u00a0\u00bbdefault\u00a0\u00bb global_colors_info=\u00a0\u00bb{}\u00a0\u00bb][et_pb_column type=\u00a0\u00bb4_4&Prime; _builder_version=\u00a0\u00bb4.18.0&Prime; _module_preset=\u00a0\u00bbdefault\u00a0\u00bb global_colors_info=\u00a0\u00bb{}\u00a0\u00bb][et_pb_text _builder_version=\u00a0\u00bb4.18.0&Prime; _module_preset=\u00a0\u00bbdefault\u00a0\u00bb global_colors_info=\u00a0\u00bb{}\u00a0\u00bb]<\/p>\n<span><span><a href=\"https:\/\/belgianfiresafety.com\/fr\/\">Home<\/a><\/span><\/span>\n<p>[\/et_pb_text][et_pb_text _builder_version=\u00a0\u00bb4.18.1&Prime; _module_preset=\u00a0\u00bbdefault\u00a0\u00bb text_font=\u00a0\u00bb|700|||||||\u00a0\u00bb text_font_size=\u00a0\u00bb17px\u00a0\u00bb text_orientation=\u00a0\u00bbcenter\u00a0\u00bb hover_enabled=\u00a0\u00bb0&Prime; global_colors_info=\u00a0\u00bb{}\u00a0\u00bb sticky_enabled=\u00a0\u00bb0&Prime;]<span>D\u00e9couvrez notre \u00e9quipement pour l&rsquo;irrigation agricole. Chez Belgian Fire Safety \u00e0 Wevelgem en Flandre-Occidentale, nous disposons de plusieurs produits pratiques qui peuvent aider \u00e0 fertiliser les sols. Notre offre comprend aussi bien les tuyaux que les \u00e9quipements permettant de g\u00e9rer l&rsquo;ensemble du processus d&rsquo;irrigation. D\u00e9couvrez notre large gamme et prenez soin de votre sol avec notre mat\u00e9riel.<\/span>[\/et_pb_text][\/et_pb_column][\/et_pb_row][\/et_pb_section][et_pb_section fb_built=\u00a0\u00bb1&Prime; _builder_version=\u00a0\u00bb4.18.0&Prime; _module_preset=\u00a0\u00bbdefault\u00a0\u00bb global_colors_info=\u00a0\u00bb{}\u00a0\u00bb][et_pb_row _builder_version=\u00a0\u00bb4.18.0&Prime; _module_preset=\u00a0\u00bbdefault\u00a0\u00bb background_color=\u00a0\u00bb#f3f3f3&Prime; custom_padding=\u00a0\u00bb30px||30px||false|false\u00a0\u00bb global_colors_info=\u00a0\u00bb{}\u00a0\u00bb][et_pb_column type=\u00a0\u00bb4_4&Prime; _builder_version=\u00a0\u00bb4.18.0&Prime; _module_preset=\u00a0\u00bbdefault\u00a0\u00bb global_colors_info=\u00a0\u00bb{}\u00a0\u00bb][et_pb_text _builder_version=\u00a0\u00bb4.18.0&Prime; _module_preset=\u00a0\u00bbdefault\u00a0\u00bb header_2_text_align=\u00a0\u00bbcenter\u00a0\u00bb global_colors_info=\u00a0\u00bb{}\u00a0\u00bb]<\/p>\n<h2>Consultez notre catalogue ci-dessous<\/h2>\n<p>[\/et_pb_text][et_pb_button button_url=\u00a0\u00bbhttps:\/\/belgianfiresafety.com\/fr\/catalogue\/\u00a0\u00bb button_text=\u00a0\u00bbVoir notre gamme compl\u00e8te\u00a0\u00bb button_alignment=\u00a0\u00bbcenter\u00a0\u00bb _builder_version=\u00a0\u00bb4.18.0&Prime; _module_preset=\u00a0\u00bbdefault\u00a0\u00bb custom_button=\u00a0\u00bbon\u00a0\u00bb button_text_size=\u00a0\u00bb22px\u00a0\u00bb button_text_color=\u00a0\u00bb#FFFFFF\u00a0\u00bb button_bg_color=\u00a0\u00bb#a54424&Prime; button_border_width=\u00a0\u00bb0px\u00a0\u00bb button_border_radius=\u00a0\u00bb50px\u00a0\u00bb button_font=\u00a0\u00bb|600||on|||||\u00a0\u00bb button_use_icon=\u00a0\u00bboff\u00a0\u00bb button_text_color_last_edited=\u00a0\u00bboff|desktop\u00a0\u00bb global_colors_info=\u00a0\u00bb{}\u00a0\u00bb button_text_color__hover_enabled=\u00a0\u00bbon|hover\u00a0\u00bb button_text_color__hover=\u00a0\u00bbrgba(0,0,0,0.72)\u00a0\u00bb][\/et_pb_button][\/et_pb_column][\/et_pb_row][\/et_pb_section][et_pb_section fb_built=\u00a0\u00bb1&Prime; _builder_version=\u00a0\u00bb4.18.0&Prime; _module_preset=\u00a0\u00bbdefault\u00a0\u00bb global_colors_info=\u00a0\u00bb{}\u00a0\u00bb][et_pb_row column_structure=\u00a0\u00bb1_2,1_2&Prime; _builder_version=\u00a0\u00bb4.18.0&Prime; _module_preset=\u00a0\u00bbdefault\u00a0\u00bb global_colors_info=\u00a0\u00bb{}\u00a0\u00bb][et_pb_column type=\u00a0\u00bb1_2&Prime; _builder_version=\u00a0\u00bb4.18.0&Prime; _module_preset=\u00a0\u00bbdefault\u00a0\u00bb global_colors_info=\u00a0\u00bb{}\u00a0\u00bb][et_pb_text _builder_version=\u00a0\u00bb4.18.1&Prime; _module_preset=\u00a0\u00bbdefault\u00a0\u00bb text_font_size=\u00a0\u00bb15px\u00a0\u00bb header_2_font=\u00a0\u00bb|700|||||||\u00a0\u00bb header_2_text_align=\u00a0\u00bbleft\u00a0\u00bb header_2_text_color=\u00a0\u00bb#a54424&Prime; header_2_font_size=\u00a0\u00bb27px\u00a0\u00bb hover_enabled=\u00a0\u00bb0&Prime; global_colors_info=\u00a0\u00bb{}\u00a0\u00bb sticky_enabled=\u00a0\u00bb0&Prime;]<\/p>\n<h2><span>Quels produits proposons-nous pour l&rsquo;irrigation agricole ?<\/span><\/h2>\n<p><span>En plus de tous nos <strong><a href=\"https:\/\/belgianfiresafety.com\/fr\/product-categorie\/materiel-de-desincarceration\/\" style=\"color: #a54424;\">mat\u00e9riels pour les pompiers<\/a><\/strong>, nous avons \u00e9galement tout ce dont vous avez besoin pour l&rsquo;irrigation agricole. Il s&rsquo;agit notamment des <strong><a href=\"https:\/\/belgianfiresafety.com\/fr\/tuyau-irrigation\/\" style=\"color: #a54424;\">tuyaux d&rsquo;irrigation<\/a><\/strong>. Vous pouvez les utiliser pour irriguer vos sols, mais aussi pour distribuer le fumier. <strong><a href=\"https:\/\/belgianfiresafety.com\/fr\/enrouleur-irrigation\/\" style=\"color: #a54424;\">Un enrouleur<\/a><\/strong> est \u00e9galement n\u00e9cessaire pour connecter les grands tuyaux et les faire circuler dans le champ. D\u00e9couvrez ces produits pour l&rsquo;agriculture et nos autres <strong><a href=\"https:\/\/belgianfiresafety.com\/fr\/materiel-irrigation\/\" style=\"color: #a54424;\">mat\u00e9riels pour l&rsquo;irrigation<\/a><\/strong>.<\/span><\/p>\n<p>[\/et_pb_text][\/et_pb_column][et_pb_column type=\u00a0\u00bb1_2&Prime; _builder_version=\u00a0\u00bb4.18.0&Prime; _module_preset=\u00a0\u00bbdefault\u00a0\u00bb global_colors_info=\u00a0\u00bb{}\u00a0\u00bb][et_pb_image src=\u00a0\u00bbhttps:\/\/belgianfiresafety.com\/wp-content\/uploads\/2018\/10\/Training-foam.jpg\u00a0\u00bb alt=\u00a0\u00bbMat\u00e9riel irrigation\u00a0\u00bb title_text=\u00a0\u00bbTraining foam\u00a0\u00bb _builder_version=\u00a0\u00bb4.18.0&Prime; _module_preset=\u00a0\u00bbdefault\u00a0\u00bb global_colors_info=\u00a0\u00bb{}\u00a0\u00bb][\/et_pb_image][\/et_pb_column][\/et_pb_row][et_pb_row column_structure=\u00a0\u00bb1_2,1_2&Prime; _builder_version=\u00a0\u00bb4.18.0&Prime; _module_preset=\u00a0\u00bbdefault\u00a0\u00bb global_colors_info=\u00a0\u00bb{}\u00a0\u00bb][et_pb_column type=\u00a0\u00bb1_2&Prime; _builder_version=\u00a0\u00bb4.18.0&Prime; _module_preset=\u00a0\u00bbdefault\u00a0\u00bb global_colors_info=\u00a0\u00bb{}\u00a0\u00bb][et_pb_image src=\u00a0\u00bbhttps:\/\/belgianfiresafety.com\/wp-content\/uploads\/2018\/08\/Logo-belgian-fire-safety-250.jpg\u00a0\u00bb alt=\u00a0\u00bbLogo belgian fire safety\u00a0\u00bb title_text=\u00a0\u00bbLogo belgian fire safety\u00a0\u00bb align=\u00a0\u00bbcenter\u00a0\u00bb _builder_version=\u00a0\u00bb4.18.0&Prime; _module_preset=\u00a0\u00bbdefault\u00a0\u00bb global_colors_info=\u00a0\u00bb{}\u00a0\u00bb][\/et_pb_image][\/et_pb_column][et_pb_column type=\u00a0\u00bb1_2&Prime; _builder_version=\u00a0\u00bb4.18.0&Prime; _module_preset=\u00a0\u00bbdefault\u00a0\u00bb global_colors_info=\u00a0\u00bb{}\u00a0\u00bb][et_pb_text _builder_version=\u00a0\u00bb4.18.1&Prime; _module_preset=\u00a0\u00bbdefault\u00a0\u00bb text_font_size=\u00a0\u00bb15px\u00a0\u00bb header_2_font=\u00a0\u00bb|700|||||||\u00a0\u00bb header_2_text_align=\u00a0\u00bbleft\u00a0\u00bb header_2_text_color=\u00a0\u00bb#a54424&Prime; header_2_font_size=\u00a0\u00bb24px\u00a0\u00bb header_3_font=\u00a0\u00bb|600|||||||\u00a0\u00bb header_3_text_color=\u00a0\u00bb#a54424&Prime; header_3_font_size=\u00a0\u00bb23px\u00a0\u00bb hover_enabled=\u00a0\u00bb0&Prime; global_colors_info=\u00a0\u00bb{}\u00a0\u00bb sticky_enabled=\u00a0\u00bb0&Prime;]<\/p>\n<h3><span>Pr\u00e9voyez une bonne irrigation<\/span><\/h3>\n<p><span>\u00cates-vous int\u00e9ress\u00e9 par notre large gamme de produits ? Choisissez de bonnes solutions pour l&rsquo;irrigation agricole et commandez vos produits chez nous. Obtenez une offre <strong><a href=\"https:\/\/belgianfiresafety.com\/fr\/mon-compte\/\" style=\"color: #a54424;\">en cr\u00e9ant un compte<\/a><\/strong> gratuit sur notre site web. Si vous avez encore des questions sur nos produits, vous pouvez remplir <strong><a href=\"https:\/\/belgianfiresafety.com\/fr\/contact\/\" style=\"color: #a54424;\">notre formulaire de contact<\/a><\/strong> ou vous pouvez nous contacter via l&rsquo;adresse \u00e9lectronique <strong><a href=\"mailto:info@belgianfiresafety.com\" style=\"color: #a54424;\">info@belgianfiresafety.com<\/a><\/strong> ou par t\u00e9l\u00e9phone au num\u00e9ro <strong><a href=\"tel:003256257795\" style=\"color: #a54424;\">+32 56 25 77 95<\/a><\/strong>. <\/span><\/p>\n<p>[\/et_pb_text][et_pb_text _builder_version=\u00a0\u00bb4.18.0&Prime; _module_preset=\u00a0\u00bbdefault\u00a0\u00bb global_colors_info=\u00a0\u00bb{}\u00a0\u00bb]<\/p>\n<h3 style=\"text-align: center;\">Avez-vous des questions ou souhaitez-vous plus d&rsquo;informations?<\/h3>\n<p>[\/et_pb_text][et_pb_button button_url=\u00a0\u00bbhttps:\/\/belgianfiresafety.com\/fr\/contact\/\u00a0\u00bb button_text=\u00a0\u00bbContactez-nous\u00a0\u00bb button_alignment=\u00a0\u00bbcenter\u00a0\u00bb _builder_version=\u00a0\u00bb4.18.0&Prime; _module_preset=\u00a0\u00bbdefault\u00a0\u00bb custom_button=\u00a0\u00bbon\u00a0\u00bb button_text_size=\u00a0\u00bb22px\u00a0\u00bb button_text_color=\u00a0\u00bb#FFFFFF\u00a0\u00bb button_bg_color=\u00a0\u00bb#a54424&Prime; button_border_width=\u00a0\u00bb0px\u00a0\u00bb button_border_radius=\u00a0\u00bb50px\u00a0\u00bb button_font=\u00a0\u00bb|600||on|||||\u00a0\u00bb button_use_icon=\u00a0\u00bboff\u00a0\u00bb global_colors_info=\u00a0\u00bb{}\u00a0\u00bb button_text_color__hover_enabled=\u00a0\u00bbon|desktop\u00a0\u00bb button_text_color__hover=\u00a0\u00bbrgba(0,0,0,0.72)\u00a0\u00bb][\/et_pb_button][\/et_pb_column][\/et_pb_row][\/et_pb_section]<\/p>\n","protected":false},"excerpt":{"rendered":"<p>L\u2019irrigation agricole\u2713 Mat\u00e9riel d&rsquo;incendie et agricole\u2713 Exempt de substances nocives\u2713 Installation de l&rsquo;\u00e9quipement<span><span><a href=\"https:\/\/belgianfiresafety.com\/fr\/\">Home<\/a><\/span><\/span>D\u00e9couvrez notre \u00e9quipement pour l&rsquo;irrigation agricole. Chez Belgian Fire Safety \u00e0 Wevelgem en Flandre-Occidentale, nous disposons de plusieurs produits pratiques qui peuvent aider \u00e0 fertiliser les sols. Notre offre comprend aussi bien les tuyaux que les \u00e9quipements permettant de g\u00e9rer l&rsquo;ensemble du processus [&hellip;]<\/p>\n","protected":false},"author":5,"featured_media":0,"parent":0,"menu_order":0,"comment_status":"closed","ping_status":"closed","template":"","meta":{"_et_pb_use_builder":"on","_et_pb_old_content":"","_et_gb_content_width":"","footnotes":""},"class_list":["post-5288","page","type-page","status-publish","hentry"],"yoast_head":"<!-- This site is optimized with the Yoast SEO plugin v25.6 - https:\/\/yoast.com\/wordpress\/plugins\/seo\/ -->\n<title>D\u00e9couvrez nos produits pour l\u2019irrigation agricole - Belgian Fire Safety<\/title>\n<meta name=\"description\" content=\"Trouvez tous les produits dont vous avez besoin pour l&#039;irrigation agricole professionnelle. Demandez une offre et commandez facilement vos produits.\" \/>\n<meta name=\"robots\" content=\"index, follow, max-snippet:-1, max-image-preview:large, max-video-preview:-1\" \/>\n<link rel=\"canonical\" href=\"https:\/\/belgianfiresafety.com\/fr\/irrigation-agricole\/\" \/>\n<meta property=\"og:locale\" content=\"fr_FR\" \/>\n<meta property=\"og:type\" content=\"article\" \/>\n<meta property=\"og:title\" content=\"D\u00e9couvrez nos produits pour l\u2019irrigation agricole - Belgian Fire Safety\" \/>\n<meta property=\"og:description\" content=\"Trouvez tous les produits dont vous avez besoin pour l&#039;irrigation agricole professionnelle. Demandez une offre et commandez facilement vos produits.\" \/>\n<meta property=\"og:url\" content=\"https:\/\/belgianfiresafety.com\/fr\/irrigation-agricole\/\" \/>\n<meta property=\"og:site_name\" content=\"Belgian Fire Safety\" \/>\n<meta property=\"article:modified_time\" content=\"2022-11-02T08:58:17+00:00\" \/>\n<meta property=\"og:image\" content=\"https:\/\/belgianfiresafety.com\/wp-content\/uploads\/2018\/08\/Logo-belgian-fire-safety-250.jpg\" \/>\n\t<meta property=\"og:image:width\" content=\"250\" \/>\n\t<meta property=\"og:image:height\" content=\"250\" \/>\n\t<meta property=\"og:image:type\" content=\"image\/jpeg\" \/>\n<meta name=\"twitter:card\" content=\"summary_large_image\" \/>\n<meta name=\"twitter:label1\" content=\"Dur\u00e9e de lecture estim\u00e9e\" \/>\n\t<meta name=\"twitter:data1\" content=\"3 minutes\" \/>\n<script type=\"application\/ld+json\" class=\"yoast-schema-graph\">{\"@context\":\"https:\/\/schema.org\",\"@graph\":[{\"@type\":\"WebPage\",\"@id\":\"https:\/\/belgianfiresafety.com\/fr\/irrigation-agricole\/\",\"url\":\"https:\/\/belgianfiresafety.com\/fr\/irrigation-agricole\/\",\"name\":\"D\u00e9couvrez nos produits pour l\u2019irrigation agricole - Belgian Fire Safety\",\"isPartOf\":{\"@id\":\"https:\/\/belgianfiresafety.com\/fr\/#website\"},\"datePublished\":\"2022-11-02T08:36:59+00:00\",\"dateModified\":\"2022-11-02T08:58:17+00:00\",\"description\":\"Trouvez tous les produits dont vous avez besoin pour l'irrigation agricole professionnelle. Demandez une offre et commandez facilement vos produits.\",\"breadcrumb\":{\"@id\":\"https:\/\/belgianfiresafety.com\/fr\/irrigation-agricole\/#breadcrumb\"},\"inLanguage\":\"fr-FR\",\"potentialAction\":[{\"@type\":\"ReadAction\",\"target\":[\"https:\/\/belgianfiresafety.com\/fr\/irrigation-agricole\/\"]}]},{\"@type\":\"BreadcrumbList\",\"@id\":\"https:\/\/belgianfiresafety.com\/fr\/irrigation-agricole\/#breadcrumb\",\"itemListElement\":[{\"@type\":\"ListItem\",\"position\":1,\"name\":\"Home\",\"item\":\"https:\/\/belgianfiresafety.com\/fr\/\"},{\"@type\":\"ListItem\",\"position\":2,\"name\":\"Irrigation agricole\"}]},{\"@type\":\"WebSite\",\"@id\":\"https:\/\/belgianfiresafety.com\/fr\/#website\",\"url\":\"https:\/\/belgianfiresafety.com\/fr\/\",\"name\":\"Belgian Fire Safety\",\"description\":\"De specialist in brandweer producten\",\"potentialAction\":[{\"@type\":\"SearchAction\",\"target\":{\"@type\":\"EntryPoint\",\"urlTemplate\":\"https:\/\/belgianfiresafety.com\/fr\/?s={search_term_string}\"},\"query-input\":{\"@type\":\"PropertyValueSpecification\",\"valueRequired\":true,\"valueName\":\"search_term_string\"}}],\"inLanguage\":\"fr-FR\"}]}<\/script>\n<!-- \/ Yoast SEO plugin. -->","yoast_head_json":{"title":"D\u00e9couvrez nos produits pour l\u2019irrigation agricole - Belgian Fire Safety","description":"Trouvez tous les produits dont vous avez besoin pour l'irrigation agricole professionnelle. Demandez une offre et commandez facilement vos produits.","robots":{"index":"index","follow":"follow","max-snippet":"max-snippet:-1","max-image-preview":"max-image-preview:large","max-video-preview":"max-video-preview:-1"},"canonical":"https:\/\/belgianfiresafety.com\/fr\/irrigation-agricole\/","og_locale":"fr_FR","og_type":"article","og_title":"D\u00e9couvrez nos produits pour l\u2019irrigation agricole - Belgian Fire Safety","og_description":"Trouvez tous les produits dont vous avez besoin pour l'irrigation agricole professionnelle. Demandez une offre et commandez facilement vos produits.","og_url":"https:\/\/belgianfiresafety.com\/fr\/irrigation-agricole\/","og_site_name":"Belgian Fire Safety","article_modified_time":"2022-11-02T08:58:17+00:00","og_image":[{"width":250,"height":250,"url":"https:\/\/belgianfiresafety.com\/wp-content\/uploads\/2018\/08\/Logo-belgian-fire-safety-250.jpg","type":"image\/jpeg"}],"twitter_card":"summary_large_image","twitter_misc":{"Dur\u00e9e de lecture estim\u00e9e":"3 minutes"},"schema":{"@context":"https:\/\/schema.org","@graph":[{"@type":"WebPage","@id":"https:\/\/belgianfiresafety.com\/fr\/irrigation-agricole\/","url":"https:\/\/belgianfiresafety.com\/fr\/irrigation-agricole\/","name":"D\u00e9couvrez nos produits pour l\u2019irrigation agricole - Belgian Fire Safety","isPartOf":{"@id":"https:\/\/belgianfiresafety.com\/fr\/#website"},"datePublished":"2022-11-02T08:36:59+00:00","dateModified":"2022-11-02T08:58:17+00:00","description":"Trouvez tous les produits dont vous avez besoin pour l'irrigation agricole professionnelle. Demandez une offre et commandez facilement vos produits.","breadcrumb":{"@id":"https:\/\/belgianfiresafety.com\/fr\/irrigation-agricole\/#breadcrumb"},"inLanguage":"fr-FR","potentialAction":[{"@type":"ReadAction","target":["https:\/\/belgianfiresafety.com\/fr\/irrigation-agricole\/"]}]},{"@type":"BreadcrumbList","@id":"https:\/\/belgianfiresafety.com\/fr\/irrigation-agricole\/#breadcrumb","itemListElement":[{"@type":"ListItem","position":1,"name":"Home","item":"https:\/\/belgianfiresafety.com\/fr\/"},{"@type":"ListItem","position":2,"name":"Irrigation agricole"}]},{"@type":"WebSite","@id":"https:\/\/belgianfiresafety.com\/fr\/#website","url":"https:\/\/belgianfiresafety.com\/fr\/","name":"Belgian Fire Safety","description":"De specialist in brandweer producten","potentialAction":[{"@type":"SearchAction","target":{"@type":"EntryPoint","urlTemplate":"https:\/\/belgianfiresafety.com\/fr\/?s={search_term_string}"},"query-input":{"@type":"PropertyValueSpecification","valueRequired":true,"valueName":"search_term_string"}}],"inLanguage":"fr-FR"}]}},"_links":{"self":[{"href":"https:\/\/belgianfiresafety.com\/fr\/wp-json\/wp\/v2\/pages\/5288"}],"collection":[{"href":"https:\/\/belgianfiresafety.com\/fr\/wp-json\/wp\/v2\/pages"}],"about":[{"href":"https:\/\/belgianfiresafety.com\/fr\/wp-json\/wp\/v2\/types\/page"}],"author":[{"embeddable":true,"href":"https:\/\/belgianfiresafety.com\/fr\/wp-json\/wp\/v2\/users\/5"}],"replies":[{"embeddable":true,"href":"https:\/\/belgianfiresafety.com\/fr\/wp-json\/wp\/v2\/comments?post=5288"}],"version-history":[{"count":4,"href":"https:\/\/belgianfiresafety.com\/fr\/wp-json\/wp\/v2\/pages\/5288\/revisions"}],"predecessor-version":[{"id":5298,"href":"https:\/\/belgianfiresafety.com\/fr\/wp-json\/wp\/v2\/pages\/5288\/revisions\/5298"}],"wp:attachment":[{"href":"https:\/\/belgianfiresafety.com\/fr\/wp-json\/wp\/v2\/media?parent=5288"}],"curies":[{"name":"wp","href":"https:\/\/api.w.org\/{rel}","templated":true}]}}