{"id":5313,"date":"2022-11-02T09:42:16","date_gmt":"2022-11-02T09:42:16","guid":{"rendered":"https:\/\/belgianfiresafety.com\/?page_id=5313"},"modified":"2022-11-02T09:52:20","modified_gmt":"2022-11-02T09:52:20","slug":"tuyau-irrigation","status":"publish","type":"page","link":"https:\/\/belgianfiresafety.com\/fr\/tuyau-irrigation\/","title":{"rendered":"Tuyau irrigation"},"content":{"rendered":"<p>[et_pb_section fb_built=\u00a0\u00bb1&Prime; module_class=\u00a0\u00bbbanner-img\u00a0\u00bb _builder_version=\u00a0\u00bb4.18.0&Prime; _module_preset=\u00a0\u00bbdefault\u00a0\u00bb background_image=\u00a0\u00bbhttps:\/\/belgianfiresafety.com\/wp-content\/uploads\/2018\/06\/header-2.jpg\u00a0\u00bb custom_css_after=\u00a0\u00bbcontent:\u00a0\u00bb;||position: absolute;||    top: 0;||    left: 0;||    width: 100%;||    height: 100%;||    background: rgb(0,0,0);||    opacity: 0.5;||\u00a0\u00bb global_colors_info=\u00a0\u00bb{}\u00a0\u00bb][et_pb_row _builder_version=\u00a0\u00bb4.18.0&Prime; _module_preset=\u00a0\u00bbdefault\u00a0\u00bb global_colors_info=\u00a0\u00bb{}\u00a0\u00bb][et_pb_column type=\u00a0\u00bb4_4&Prime; _builder_version=\u00a0\u00bb4.18.0&Prime; _module_preset=\u00a0\u00bbdefault\u00a0\u00bb global_colors_info=\u00a0\u00bb{}\u00a0\u00bb][et_pb_text _builder_version=\u00a0\u00bb4.18.1&Prime; _module_preset=\u00a0\u00bbdefault\u00a0\u00bb header_font=\u00a0\u00bb|800|||||||\u00a0\u00bb header_text_align=\u00a0\u00bbcenter\u00a0\u00bb header_text_color=\u00a0\u00bb#FFFFFF\u00a0\u00bb header_font_size=\u00a0\u00bb45px\u00a0\u00bb hover_enabled=\u00a0\u00bb0&Prime; global_colors_info=\u00a0\u00bb{}\u00a0\u00bb sticky_enabled=\u00a0\u00bb0&Prime;]<\/p>\n<h1>Tuyau d\u2019irrigation<\/h1>\n<p>[\/et_pb_text][\/et_pb_column][\/et_pb_row][\/et_pb_section][et_pb_section fb_built=\u00a0\u00bb1&Prime; _builder_version=\u00a0\u00bb4.18.0&Prime; _module_preset=\u00a0\u00bbdefault\u00a0\u00bb global_colors_info=\u00a0\u00bb{}\u00a0\u00bb][et_pb_row column_structure=\u00a0\u00bb1_3,1_3,1_3&Prime; _builder_version=\u00a0\u00bb4.18.0&Prime; _module_preset=\u00a0\u00bbdefault\u00a0\u00bb global_colors_info=\u00a0\u00bb{}\u00a0\u00bb][et_pb_column type=\u00a0\u00bb1_3&Prime; _builder_version=\u00a0\u00bb4.18.0&Prime; _module_preset=\u00a0\u00bbdefault\u00a0\u00bb global_colors_info=\u00a0\u00bb{}\u00a0\u00bb][et_pb_text module_class=\u00a0\u00bbusp\u00a0\u00bb _builder_version=\u00a0\u00bb4.18.0&Prime; _module_preset=\u00a0\u00bbdefault\u00a0\u00bb custom_css_main_element=\u00a0\u00bbcolor: #a54424;||font-weight: bold;||font-size: 20px;\u00a0\u00bb global_colors_info=\u00a0\u00bb{}\u00a0\u00bb]<\/p>\n<p style=\"text-align: center;\">\u2713 Mat\u00e9riel d&rsquo;incendie et agricole<\/p>\n<p>[\/et_pb_text][\/et_pb_column][et_pb_column type=\u00a0\u00bb1_3&Prime; _builder_version=\u00a0\u00bb4.18.0&Prime; _module_preset=\u00a0\u00bbdefault\u00a0\u00bb global_colors_info=\u00a0\u00bb{}\u00a0\u00bb][et_pb_text module_class=\u00a0\u00bbusp\u00a0\u00bb _builder_version=\u00a0\u00bb4.18.0&Prime; _module_preset=\u00a0\u00bbdefault\u00a0\u00bb custom_css_main_element=\u00a0\u00bbcolor: #a54424;||font-weight: bold;||font-size: 20px;\u00a0\u00bb global_colors_info=\u00a0\u00bb{}\u00a0\u00bb]<\/p>\n<p style=\"text-align: center;\">\u2713 Exempt de substances nocives<\/p>\n<p>[\/et_pb_text][\/et_pb_column][et_pb_column type=\u00a0\u00bb1_3&Prime; _builder_version=\u00a0\u00bb4.18.0&Prime; _module_preset=\u00a0\u00bbdefault\u00a0\u00bb global_colors_info=\u00a0\u00bb{}\u00a0\u00bb][et_pb_text module_class=\u00a0\u00bbusp\u00a0\u00bb _builder_version=\u00a0\u00bb4.18.0&Prime; _module_preset=\u00a0\u00bbdefault\u00a0\u00bb custom_css_main_element=\u00a0\u00bbcolor: #a54424;||font-weight: bold;||font-size: 20px;\u00a0\u00bb global_colors_info=\u00a0\u00bb{}\u00a0\u00bb]<\/p>\n<p style=\"text-align: center;\">\u2713 Installation de l&rsquo;\u00e9quipement<\/p>\n<p>[\/et_pb_text][\/et_pb_column][\/et_pb_row][et_pb_row _builder_version=\u00a0\u00bb4.18.0&Prime; _module_preset=\u00a0\u00bbdefault\u00a0\u00bb global_colors_info=\u00a0\u00bb{}\u00a0\u00bb][et_pb_column type=\u00a0\u00bb4_4&Prime; _builder_version=\u00a0\u00bb4.18.0&Prime; _module_preset=\u00a0\u00bbdefault\u00a0\u00bb global_colors_info=\u00a0\u00bb{}\u00a0\u00bb][et_pb_text _builder_version=\u00a0\u00bb4.18.0&Prime; _module_preset=\u00a0\u00bbdefault\u00a0\u00bb global_colors_info=\u00a0\u00bb{}\u00a0\u00bb]<\/p>\n<span><span><a href=\"https:\/\/belgianfiresafety.com\/fr\/\">Home<\/a><\/span><\/span>\n<p>[\/et_pb_text][et_pb_text _builder_version=\u00a0\u00bb4.18.1&Prime; _module_preset=\u00a0\u00bbdefault\u00a0\u00bb text_font=\u00a0\u00bb|700|||||||\u00a0\u00bb text_font_size=\u00a0\u00bb17px\u00a0\u00bb text_orientation=\u00a0\u00bbcenter\u00a0\u00bb hover_enabled=\u00a0\u00bb0&Prime; global_colors_info=\u00a0\u00bb{}\u00a0\u00bb sticky_enabled=\u00a0\u00bb0&Prime;]<\/p>\n<p>Irriguez facilement de grandes surfaces avec notre tuyau d&rsquo;irrigation. Chez Belgian Fire Safety \u00e0 Wevelgem, pr\u00e8s de Courtrai en Flandre-Occidentale, nous vendons ce tuyau et d&rsquo;autres tuyaux dans notre boutique en ligne. N&rsquo;attendez plus et lisez ci-dessous tous les avantages de ce type de tuyau.<\/p>\n<p>[\/et_pb_text][\/et_pb_column][\/et_pb_row][\/et_pb_section][et_pb_section fb_built=\u00a0\u00bb1&Prime; _builder_version=\u00a0\u00bb4.18.0&Prime; _module_preset=\u00a0\u00bbdefault\u00a0\u00bb global_colors_info=\u00a0\u00bb{}\u00a0\u00bb][et_pb_row _builder_version=\u00a0\u00bb4.18.0&Prime; _module_preset=\u00a0\u00bbdefault\u00a0\u00bb background_color=\u00a0\u00bb#f3f3f3&Prime; custom_padding=\u00a0\u00bb30px||30px||false|false\u00a0\u00bb global_colors_info=\u00a0\u00bb{}\u00a0\u00bb][et_pb_column type=\u00a0\u00bb4_4&Prime; _builder_version=\u00a0\u00bb4.18.0&Prime; _module_preset=\u00a0\u00bbdefault\u00a0\u00bb global_colors_info=\u00a0\u00bb{}\u00a0\u00bb][et_pb_text _builder_version=\u00a0\u00bb4.18.0&Prime; _module_preset=\u00a0\u00bbdefault\u00a0\u00bb header_2_text_align=\u00a0\u00bbcenter\u00a0\u00bb global_colors_info=\u00a0\u00bb{}\u00a0\u00bb]<\/p>\n<h2>Consultez notre catalogue ci-dessous<\/h2>\n<p>[\/et_pb_text][et_pb_button button_url=\u00a0\u00bbhttps:\/\/belgianfiresafety.com\/fr\/catalogue\/\u00a0\u00bb button_text=\u00a0\u00bbVoir notre gamme compl\u00e8te\u00a0\u00bb button_alignment=\u00a0\u00bbcenter\u00a0\u00bb _builder_version=\u00a0\u00bb4.18.0&Prime; _module_preset=\u00a0\u00bbdefault\u00a0\u00bb custom_button=\u00a0\u00bbon\u00a0\u00bb button_text_size=\u00a0\u00bb22px\u00a0\u00bb button_text_color=\u00a0\u00bb#FFFFFF\u00a0\u00bb button_bg_color=\u00a0\u00bb#a54424&Prime; button_border_width=\u00a0\u00bb0px\u00a0\u00bb button_border_radius=\u00a0\u00bb50px\u00a0\u00bb button_font=\u00a0\u00bb|600||on|||||\u00a0\u00bb button_use_icon=\u00a0\u00bboff\u00a0\u00bb button_text_color_last_edited=\u00a0\u00bboff|desktop\u00a0\u00bb global_colors_info=\u00a0\u00bb{}\u00a0\u00bb button_text_color__hover_enabled=\u00a0\u00bbon|hover\u00a0\u00bb button_text_color__hover=\u00a0\u00bbrgba(0,0,0,0.72)\u00a0\u00bb][\/et_pb_button][\/et_pb_column][\/et_pb_row][\/et_pb_section][et_pb_section fb_built=\u00a0\u00bb1&Prime; _builder_version=\u00a0\u00bb4.18.0&Prime; _module_preset=\u00a0\u00bbdefault\u00a0\u00bb global_colors_info=\u00a0\u00bb{}\u00a0\u00bb][et_pb_row column_structure=\u00a0\u00bb1_2,1_2&Prime; _builder_version=\u00a0\u00bb4.18.0&Prime; _module_preset=\u00a0\u00bbdefault\u00a0\u00bb global_colors_info=\u00a0\u00bb{}\u00a0\u00bb][et_pb_column type=\u00a0\u00bb1_2&Prime; _builder_version=\u00a0\u00bb4.18.0&Prime; _module_preset=\u00a0\u00bbdefault\u00a0\u00bb global_colors_info=\u00a0\u00bb{}\u00a0\u00bb][et_pb_text _builder_version=\u00a0\u00bb4.18.1&Prime; _module_preset=\u00a0\u00bbdefault\u00a0\u00bb text_font_size=\u00a0\u00bb15px\u00a0\u00bb header_2_font=\u00a0\u00bb|700|||||||\u00a0\u00bb header_2_text_align=\u00a0\u00bbleft\u00a0\u00bb header_2_text_color=\u00a0\u00bb#a54424&Prime; header_2_font_size=\u00a0\u00bb27px\u00a0\u00bb hover_enabled=\u00a0\u00bb0&Prime; global_colors_info=\u00a0\u00bb{}\u00a0\u00bb sticky_enabled=\u00a0\u00bb0&Prime;]<\/p>\n<h2>Les avantages d\u2019un tuyau d\u2019irrigation<\/h2>\n<p>Vous pouvez utiliser un tuyau d&rsquo;irrigation pour irriguer de grandes surfaces gr\u00e2ce aux nombreux petits trous dans le tuyau. Ce tuyau est \u00e9galement tr\u00e8s facile \u00e0 connecter et \u00e0 d\u00e9connecter. Il est \u00e9galement disponible en diff\u00e9rentes longueurs et pressions. Outre le tuyau d&rsquo;irrigation, vous pouvez \u00e9galement trouver un certain nombre d&rsquo;autres tuyaux. Les <strong><a href=\"https:\/\/belgianfiresafety.com\/fr\/catalogus\/tuyaux-incendie-et-accessoires\/2075\/\" style=\"color: #a54424;\">tuyaux d\u2019incendie<\/a><\/strong> sont un exemple. Pour les tuyaux, nous offrons \u00e9galement un grand nombre d&rsquo;outils suppl\u00e9mentaires tr\u00e8s pratiques, comme un <strong><a href=\"https:\/\/belgianfiresafety.com\/fr\/enrouleur-irrigation\/\" style=\"color: #a54424;\">enrouleur pour les tuyaux d&rsquo;irrigation<\/a><\/strong>. En outre, le tuyau d&rsquo;irrigation est surtout utilis\u00e9 pour <strong><a href=\"https:\/\/belgianfiresafety.com\/fr\/irrigation-agricole\/\" style=\"color: #a54424;\">l\u2019irrigation agricole<\/a><\/strong>. En effet, elle peut facilement irriguer des champs entiers.<\/p>\n<p>[\/et_pb_text][\/et_pb_column][et_pb_column type=\u00a0\u00bb1_2&Prime; _builder_version=\u00a0\u00bb4.18.0&Prime; _module_preset=\u00a0\u00bbdefault\u00a0\u00bb global_colors_info=\u00a0\u00bb{}\u00a0\u00bb][et_pb_image src=\u00a0\u00bbhttps:\/\/belgianfiresafety.com\/wp-content\/uploads\/2018\/10\/Training-foam.jpg\u00a0\u00bb alt=\u00a0\u00bbMat\u00e9riel irrigation\u00a0\u00bb title_text=\u00a0\u00bbTraining foam\u00a0\u00bb _builder_version=\u00a0\u00bb4.18.0&Prime; _module_preset=\u00a0\u00bbdefault\u00a0\u00bb global_colors_info=\u00a0\u00bb{}\u00a0\u00bb][\/et_pb_image][\/et_pb_column][\/et_pb_row][et_pb_row column_structure=\u00a0\u00bb1_2,1_2&Prime; _builder_version=\u00a0\u00bb4.18.0&Prime; _module_preset=\u00a0\u00bbdefault\u00a0\u00bb global_colors_info=\u00a0\u00bb{}\u00a0\u00bb][et_pb_column type=\u00a0\u00bb1_2&Prime; _builder_version=\u00a0\u00bb4.18.0&Prime; _module_preset=\u00a0\u00bbdefault\u00a0\u00bb global_colors_info=\u00a0\u00bb{}\u00a0\u00bb][et_pb_image src=\u00a0\u00bbhttps:\/\/belgianfiresafety.com\/wp-content\/uploads\/2018\/08\/Logo-belgian-fire-safety-250.jpg\u00a0\u00bb alt=\u00a0\u00bbLogo belgian fire safety\u00a0\u00bb title_text=\u00a0\u00bbLogo belgian fire safety\u00a0\u00bb align=\u00a0\u00bbcenter\u00a0\u00bb _builder_version=\u00a0\u00bb4.18.0&Prime; _module_preset=\u00a0\u00bbdefault\u00a0\u00bb global_colors_info=\u00a0\u00bb{}\u00a0\u00bb][\/et_pb_image][\/et_pb_column][et_pb_column type=\u00a0\u00bb1_2&Prime; _builder_version=\u00a0\u00bb4.18.0&Prime; _module_preset=\u00a0\u00bbdefault\u00a0\u00bb global_colors_info=\u00a0\u00bb{}\u00a0\u00bb][et_pb_text _builder_version=\u00a0\u00bb4.18.1&Prime; _module_preset=\u00a0\u00bbdefault\u00a0\u00bb text_font_size=\u00a0\u00bb15px\u00a0\u00bb header_2_font=\u00a0\u00bb|700|||||||\u00a0\u00bb header_2_text_align=\u00a0\u00bbleft\u00a0\u00bb header_2_text_color=\u00a0\u00bb#a54424&Prime; header_2_font_size=\u00a0\u00bb24px\u00a0\u00bb header_3_font=\u00a0\u00bb|600|||||||\u00a0\u00bb header_3_text_color=\u00a0\u00bb#a54424&Prime; header_3_font_size=\u00a0\u00bb23px\u00a0\u00bb hover_enabled=\u00a0\u00bb0&Prime; global_colors_info=\u00a0\u00bb{}\u00a0\u00bb sticky_enabled=\u00a0\u00bb0&Prime;]<\/p>\n<h3>Irriguez de grandes surfaces<\/h3>\n<p>\u00cates-vous int\u00e9ress\u00e9 par notre tuyau d&rsquo;irrigation ou notre <strong><a href=\"https:\/\/belgianfiresafety.com\/fr\/product-categorie\/materiel-de-desincarceration\/\" style=\"color: #a54424;\">mat\u00e9riel pour les pompiers<\/a><\/strong> ? Vous pouvez facilement demander un devis en ligne. <strong><a href=\"https:\/\/belgianfiresafety.com\/fr\/mon-compte\/\" style=\"color: #a54424;\">Cr\u00e9ez un compte<\/a><\/strong> en ligne. Pour toute question sur notre <strong><a href=\"https:\/\/belgianfiresafety.com\/fr\/materiel-irrigation\/\" style=\"color: #a54424;\">mat\u00e9riel d\u2019irrigation<\/a><\/strong>, vous pouvez toujours remplir notre <strong><a href=\"https:\/\/belgianfiresafety.com\/fr\/contact\/\" style=\"color: #a54424;\">formulaire de contact<\/a><\/strong>, envoyer un courriel \u00e0 <strong><a href=\"mailto:info@belgianfiresafety.com\" style=\"color: #a54424;\">info@belgianfiresafety.com<\/a><\/strong> ou t\u00e9l\u00e9phoner \u00e0 <strong><a href=\"tel:003256257795\" style=\"color: #a54424;\">+32 56 25 77 95<\/a><\/strong>.<\/p>\n<p>[\/et_pb_text][et_pb_text _builder_version=\u00a0\u00bb4.18.0&Prime; _module_preset=\u00a0\u00bbdefault\u00a0\u00bb global_colors_info=\u00a0\u00bb{}\u00a0\u00bb]<\/p>\n<h3 style=\"text-align: center;\">Avez-vous des questions ou souhaitez-vous plus d&rsquo;informations?<\/h3>\n<p>[\/et_pb_text][et_pb_button button_url=\u00a0\u00bbhttps:\/\/belgianfiresafety.com\/fr\/contact\/\u00a0\u00bb button_text=\u00a0\u00bbContactez-nous\u00a0\u00bb button_alignment=\u00a0\u00bbcenter\u00a0\u00bb _builder_version=\u00a0\u00bb4.18.0&Prime; _module_preset=\u00a0\u00bbdefault\u00a0\u00bb custom_button=\u00a0\u00bbon\u00a0\u00bb button_text_size=\u00a0\u00bb22px\u00a0\u00bb button_text_color=\u00a0\u00bb#FFFFFF\u00a0\u00bb button_bg_color=\u00a0\u00bb#a54424&Prime; button_border_width=\u00a0\u00bb0px\u00a0\u00bb button_border_radius=\u00a0\u00bb50px\u00a0\u00bb button_font=\u00a0\u00bb|600||on|||||\u00a0\u00bb button_use_icon=\u00a0\u00bboff\u00a0\u00bb global_colors_info=\u00a0\u00bb{}\u00a0\u00bb button_text_color__hover_enabled=\u00a0\u00bbon|desktop\u00a0\u00bb button_text_color__hover=\u00a0\u00bbrgba(0,0,0,0.72)\u00a0\u00bb][\/et_pb_button][\/et_pb_column][\/et_pb_row][\/et_pb_section]<\/p>\n","protected":false},"excerpt":{"rendered":"<p>Tuyau d\u2019irrigation\u2713 Mat\u00e9riel d&rsquo;incendie et agricole\u2713 Exempt de substances nocives\u2713 Installation de l&rsquo;\u00e9quipement<span><span><a href=\"https:\/\/belgianfiresafety.com\/fr\/\">Home<\/a><\/span><\/span>Irriguez facilement de grandes surfaces avec notre tuyau d&rsquo;irrigation. Chez Belgian Fire Safety \u00e0 Wevelgem, pr\u00e8s de Courtrai en Flandre-Occidentale, nous vendons ce tuyau et d&rsquo;autres tuyaux dans notre boutique en ligne. N&rsquo;attendez plus et lisez ci-dessous tous les avantages de ce type [&hellip;]<\/p>\n","protected":false},"author":5,"featured_media":0,"parent":0,"menu_order":0,"comment_status":"closed","ping_status":"closed","template":"","meta":{"_et_pb_use_builder":"on","_et_pb_old_content":"","_et_gb_content_width":"","footnotes":""},"class_list":["post-5313","page","type-page","status-publish","hentry"],"yoast_head":"<!-- This site is optimized with the Yoast SEO plugin v25.6 - https:\/\/yoast.com\/wordpress\/plugins\/seo\/ -->\n<title>Achetez un tuyau d&#039;irrigation de haute qualit\u00e9 - Belgian Fire Safety<\/title>\n<meta name=\"description\" content=\"En tant que sp\u00e9cialistes de l&#039;\u00e9quipement pour les pompiers, nous offrons aussi un tuyau d&#039;irrigation. Demandez votre devis et passez votre commande.\" \/>\n<meta name=\"robots\" content=\"index, follow, max-snippet:-1, max-image-preview:large, max-video-preview:-1\" \/>\n<link rel=\"canonical\" href=\"https:\/\/belgianfiresafety.com\/fr\/tuyau-irrigation\/\" \/>\n<meta property=\"og:locale\" content=\"fr_FR\" \/>\n<meta property=\"og:type\" content=\"article\" \/>\n<meta property=\"og:title\" content=\"Achetez un tuyau d&#039;irrigation de haute qualit\u00e9 - Belgian Fire Safety\" \/>\n<meta property=\"og:description\" content=\"En tant que sp\u00e9cialistes de l&#039;\u00e9quipement pour les pompiers, nous offrons aussi un tuyau d&#039;irrigation. Demandez votre devis et passez votre commande.\" \/>\n<meta property=\"og:url\" content=\"https:\/\/belgianfiresafety.com\/fr\/tuyau-irrigation\/\" \/>\n<meta property=\"og:site_name\" content=\"Belgian Fire Safety\" \/>\n<meta property=\"article:modified_time\" content=\"2022-11-02T09:52:20+00:00\" \/>\n<meta property=\"og:image\" content=\"https:\/\/belgianfiresafety.com\/wp-content\/uploads\/2018\/08\/Logo-belgian-fire-safety-250.jpg\" \/>\n\t<meta property=\"og:image:width\" content=\"250\" \/>\n\t<meta property=\"og:image:height\" content=\"250\" \/>\n\t<meta property=\"og:image:type\" content=\"image\/jpeg\" \/>\n<meta name=\"twitter:card\" content=\"summary_large_image\" \/>\n<meta name=\"twitter:label1\" content=\"Dur\u00e9e de lecture estim\u00e9e\" \/>\n\t<meta name=\"twitter:data1\" content=\"3 minutes\" \/>\n<script type=\"application\/ld+json\" class=\"yoast-schema-graph\">{\"@context\":\"https:\/\/schema.org\",\"@graph\":[{\"@type\":\"WebPage\",\"@id\":\"https:\/\/belgianfiresafety.com\/fr\/tuyau-irrigation\/\",\"url\":\"https:\/\/belgianfiresafety.com\/fr\/tuyau-irrigation\/\",\"name\":\"Achetez un tuyau d'irrigation de haute qualit\u00e9 - Belgian Fire Safety\",\"isPartOf\":{\"@id\":\"https:\/\/belgianfiresafety.com\/fr\/#website\"},\"datePublished\":\"2022-11-02T09:42:16+00:00\",\"dateModified\":\"2022-11-02T09:52:20+00:00\",\"description\":\"En tant que sp\u00e9cialistes de l'\u00e9quipement pour les pompiers, nous offrons aussi un tuyau d'irrigation. Demandez votre devis et passez votre commande.\",\"breadcrumb\":{\"@id\":\"https:\/\/belgianfiresafety.com\/fr\/tuyau-irrigation\/#breadcrumb\"},\"inLanguage\":\"fr-FR\",\"potentialAction\":[{\"@type\":\"ReadAction\",\"target\":[\"https:\/\/belgianfiresafety.com\/fr\/tuyau-irrigation\/\"]}]},{\"@type\":\"BreadcrumbList\",\"@id\":\"https:\/\/belgianfiresafety.com\/fr\/tuyau-irrigation\/#breadcrumb\",\"itemListElement\":[{\"@type\":\"ListItem\",\"position\":1,\"name\":\"Home\",\"item\":\"https:\/\/belgianfiresafety.com\/fr\/\"},{\"@type\":\"ListItem\",\"position\":2,\"name\":\"Tuyau irrigation\"}]},{\"@type\":\"WebSite\",\"@id\":\"https:\/\/belgianfiresafety.com\/fr\/#website\",\"url\":\"https:\/\/belgianfiresafety.com\/fr\/\",\"name\":\"Belgian Fire Safety\",\"description\":\"De specialist in brandweer producten\",\"potentialAction\":[{\"@type\":\"SearchAction\",\"target\":{\"@type\":\"EntryPoint\",\"urlTemplate\":\"https:\/\/belgianfiresafety.com\/fr\/?s={search_term_string}\"},\"query-input\":{\"@type\":\"PropertyValueSpecification\",\"valueRequired\":true,\"valueName\":\"search_term_string\"}}],\"inLanguage\":\"fr-FR\"}]}<\/script>\n<!-- \/ Yoast SEO plugin. -->","yoast_head_json":{"title":"Achetez un tuyau d'irrigation de haute qualit\u00e9 - Belgian Fire Safety","description":"En tant que sp\u00e9cialistes de l'\u00e9quipement pour les pompiers, nous offrons aussi un tuyau d'irrigation. Demandez votre devis et passez votre commande.","robots":{"index":"index","follow":"follow","max-snippet":"max-snippet:-1","max-image-preview":"max-image-preview:large","max-video-preview":"max-video-preview:-1"},"canonical":"https:\/\/belgianfiresafety.com\/fr\/tuyau-irrigation\/","og_locale":"fr_FR","og_type":"article","og_title":"Achetez un tuyau d'irrigation de haute qualit\u00e9 - Belgian Fire Safety","og_description":"En tant que sp\u00e9cialistes de l'\u00e9quipement pour les pompiers, nous offrons aussi un tuyau d'irrigation. Demandez votre devis et passez votre commande.","og_url":"https:\/\/belgianfiresafety.com\/fr\/tuyau-irrigation\/","og_site_name":"Belgian Fire Safety","article_modified_time":"2022-11-02T09:52:20+00:00","og_image":[{"width":250,"height":250,"url":"https:\/\/belgianfiresafety.com\/wp-content\/uploads\/2018\/08\/Logo-belgian-fire-safety-250.jpg","type":"image\/jpeg"}],"twitter_card":"summary_large_image","twitter_misc":{"Dur\u00e9e de lecture estim\u00e9e":"3 minutes"},"schema":{"@context":"https:\/\/schema.org","@graph":[{"@type":"WebPage","@id":"https:\/\/belgianfiresafety.com\/fr\/tuyau-irrigation\/","url":"https:\/\/belgianfiresafety.com\/fr\/tuyau-irrigation\/","name":"Achetez un tuyau d'irrigation de haute qualit\u00e9 - Belgian Fire Safety","isPartOf":{"@id":"https:\/\/belgianfiresafety.com\/fr\/#website"},"datePublished":"2022-11-02T09:42:16+00:00","dateModified":"2022-11-02T09:52:20+00:00","description":"En tant que sp\u00e9cialistes de l'\u00e9quipement pour les pompiers, nous offrons aussi un tuyau d'irrigation. Demandez votre devis et passez votre commande.","breadcrumb":{"@id":"https:\/\/belgianfiresafety.com\/fr\/tuyau-irrigation\/#breadcrumb"},"inLanguage":"fr-FR","potentialAction":[{"@type":"ReadAction","target":["https:\/\/belgianfiresafety.com\/fr\/tuyau-irrigation\/"]}]},{"@type":"BreadcrumbList","@id":"https:\/\/belgianfiresafety.com\/fr\/tuyau-irrigation\/#breadcrumb","itemListElement":[{"@type":"ListItem","position":1,"name":"Home","item":"https:\/\/belgianfiresafety.com\/fr\/"},{"@type":"ListItem","position":2,"name":"Tuyau irrigation"}]},{"@type":"WebSite","@id":"https:\/\/belgianfiresafety.com\/fr\/#website","url":"https:\/\/belgianfiresafety.com\/fr\/","name":"Belgian Fire Safety","description":"De specialist in brandweer producten","potentialAction":[{"@type":"SearchAction","target":{"@type":"EntryPoint","urlTemplate":"https:\/\/belgianfiresafety.com\/fr\/?s={search_term_string}"},"query-input":{"@type":"PropertyValueSpecification","valueRequired":true,"valueName":"search_term_string"}}],"inLanguage":"fr-FR"}]}},"_links":{"self":[{"href":"https:\/\/belgianfiresafety.com\/fr\/wp-json\/wp\/v2\/pages\/5313"}],"collection":[{"href":"https:\/\/belgianfiresafety.com\/fr\/wp-json\/wp\/v2\/pages"}],"about":[{"href":"https:\/\/belgianfiresafety.com\/fr\/wp-json\/wp\/v2\/types\/page"}],"author":[{"embeddable":true,"href":"https:\/\/belgianfiresafety.com\/fr\/wp-json\/wp\/v2\/users\/5"}],"replies":[{"embeddable":true,"href":"https:\/\/belgianfiresafety.com\/fr\/wp-json\/wp\/v2\/comments?post=5313"}],"version-history":[{"count":3,"href":"https:\/\/belgianfiresafety.com\/fr\/wp-json\/wp\/v2\/pages\/5313\/revisions"}],"predecessor-version":[{"id":5316,"href":"https:\/\/belgianfiresafety.com\/fr\/wp-json\/wp\/v2\/pages\/5313\/revisions\/5316"}],"wp:attachment":[{"href":"https:\/\/belgianfiresafety.com\/fr\/wp-json\/wp\/v2\/media?parent=5313"}],"curies":[{"name":"wp","href":"https:\/\/api.w.org\/{rel}","templated":true}]}}