{"id":1942,"date":"2018-08-02T12:01:49","date_gmt":"2018-08-02T12:01:49","guid":{"rendered":"https:\/\/belgianfiresafety.com\/catalogus\/non%20class\u00e9\/i-pok\/"},"modified":"2018-11-27T14:15:42","modified_gmt":"2018-11-27T14:15:42","slug":"i-pok","status":"publish","type":"product","link":"https:\/\/belgianfiresafety.com\/fr\/catalogus\/lances\/i-pok\/","title":{"rendered":"I-POK"},"content":{"rendered":"<p><strong><span style=\"color: #000000;\">Fiche descriptive :\u00a0<\/span><span style=\"color: #ff6600;\"><a style=\"color: #ff6600;\" href=\"https:\/\/belgianfiresafety.com\/wp-content\/uploads\/2018\/08\/I-POK-nl.pdf\"> Lances I-POk_PDF_nl<\/a><\/span><\/strong><\/p>\n<p>&nbsp;<\/p>\n","protected":false},"excerpt":{"rendered":"<p>Notre gamme de lances haute pression \u00a0\u00bbI-POK\u00a0\u00bb a \u00e9t\u00e9 con\u00e7ue pour \u00eatre utilis\u00e9e \u00e0 des<br \/>\npressions de 6 et 40 bar.<br \/>\nLeur conception a \u00e9t\u00e9 pens\u00e9e pour exercer une force du bras et non du poignet.<br \/>\nLe syst\u00e8me de g\u00e2chette permet d\u2019exercer un pulsing puissant et efficace.<br \/>\nPossibilit\u00e9 d\u2019adapter une t\u00eate de diffusion \u00e0 d\u00e9bit et jet r\u00e9glable.<\/p>\n","protected":false},"featured_media":1129,"template":"","meta":{"_et_pb_use_builder":"","_et_pb_old_content":"","_et_gb_content_width":""},"product_brand":[],"product_cat":[106],"product_tag":[],"class_list":{"0":"post-1942","1":"product","2":"type-product","3":"status-publish","4":"has-post-thumbnail","6":"product_cat-lances","8":"first","9":"instock","10":"shipping-taxable","11":"product-type-simple"},"yoast_head":"<!-- This site is optimized with the Yoast SEO plugin v25.6 - https:\/\/yoast.com\/wordpress\/plugins\/seo\/ -->\n<title>I-POK - Belgian Fire Safety<\/title>\n<meta name=\"robots\" content=\"index, follow, max-snippet:-1, max-image-preview:large, max-video-preview:-1\" \/>\n<link rel=\"canonical\" href=\"https:\/\/belgianfiresafety.com\/fr\/catalogus\/lances\/i-pok\/\" \/>\n<meta property=\"og:locale\" content=\"fr_FR\" \/>\n<meta property=\"og:type\" content=\"article\" \/>\n<meta property=\"og:title\" content=\"I-POK - Belgian Fire Safety\" \/>\n<meta property=\"og:description\" content=\"Notre gamme de lances haute pression &#039;&#039;I-POK&#039;&#039; a \u00e9t\u00e9 con\u00e7ue pour \u00eatre utilis\u00e9e \u00e0 des pressions de 6 et 40 bar. Leur conception a \u00e9t\u00e9 pens\u00e9e pour exercer une force du bras et non du poignet. Le syst\u00e8me de g\u00e2chette permet d\u2019exercer un pulsing puissant et efficace. Possibilit\u00e9 d\u2019adapter une t\u00eate de diffusion \u00e0 d\u00e9bit et jet r\u00e9glable.\" \/>\n<meta property=\"og:url\" content=\"https:\/\/belgianfiresafety.com\/fr\/catalogus\/lances\/i-pok\/\" \/>\n<meta property=\"og:site_name\" content=\"Belgian Fire Safety\" \/>\n<meta property=\"article:modified_time\" content=\"2018-11-27T14:15:42+00:00\" \/>\n<meta property=\"og:image\" content=\"https:\/\/belgianfiresafety.com\/wp-content\/uploads\/2018\/08\/IPOK-.png\" \/>\n\t<meta property=\"og:image:width\" content=\"494\" \/>\n\t<meta property=\"og:image:height\" content=\"465\" \/>\n\t<meta property=\"og:image:type\" content=\"image\/png\" \/>\n<meta name=\"twitter:card\" content=\"summary_large_image\" \/>\n<script type=\"application\/ld+json\" class=\"yoast-schema-graph\">{\"@context\":\"https:\/\/schema.org\",\"@graph\":[{\"@type\":\"WebPage\",\"@id\":\"https:\/\/belgianfiresafety.com\/fr\/catalogus\/lances\/i-pok\/\",\"url\":\"https:\/\/belgianfiresafety.com\/fr\/catalogus\/lances\/i-pok\/\",\"name\":\"I-POK - Belgian Fire Safety\",\"isPartOf\":{\"@id\":\"https:\/\/belgianfiresafety.com\/fr\/#website\"},\"primaryImageOfPage\":{\"@id\":\"https:\/\/belgianfiresafety.com\/fr\/catalogus\/lances\/i-pok\/#primaryimage\"},\"image\":{\"@id\":\"https:\/\/belgianfiresafety.com\/fr\/catalogus\/lances\/i-pok\/#primaryimage\"},\"thumbnailUrl\":\"https:\/\/belgianfiresafety.com\/wp-content\/uploads\/2018\/08\/IPOK-.png\",\"datePublished\":\"2018-08-02T12:01:49+00:00\",\"dateModified\":\"2018-11-27T14:15:42+00:00\",\"breadcrumb\":{\"@id\":\"https:\/\/belgianfiresafety.com\/fr\/catalogus\/lances\/i-pok\/#breadcrumb\"},\"inLanguage\":\"fr-FR\",\"potentialAction\":[{\"@type\":\"ReadAction\",\"target\":[\"https:\/\/belgianfiresafety.com\/fr\/catalogus\/lances\/i-pok\/\"]}]},{\"@type\":\"ImageObject\",\"inLanguage\":\"fr-FR\",\"@id\":\"https:\/\/belgianfiresafety.com\/fr\/catalogus\/lances\/i-pok\/#primaryimage\",\"url\":\"https:\/\/belgianfiresafety.com\/wp-content\/uploads\/2018\/08\/IPOK-.png\",\"contentUrl\":\"https:\/\/belgianfiresafety.com\/wp-content\/uploads\/2018\/08\/IPOK-.png\",\"width\":494,\"height\":465},{\"@type\":\"BreadcrumbList\",\"@id\":\"https:\/\/belgianfiresafety.com\/fr\/catalogus\/lances\/i-pok\/#breadcrumb\",\"itemListElement\":[{\"@type\":\"ListItem\",\"position\":1,\"name\":\"Home\",\"item\":\"https:\/\/belgianfiresafety.com\/fr\/\"},{\"@type\":\"ListItem\",\"position\":2,\"name\":\"Catalogue\",\"item\":\"https:\/\/belgianfiresafety.com\/catalogus\/\"},{\"@type\":\"ListItem\",\"position\":3,\"name\":\"I-POK\"}]},{\"@type\":\"WebSite\",\"@id\":\"https:\/\/belgianfiresafety.com\/fr\/#website\",\"url\":\"https:\/\/belgianfiresafety.com\/fr\/\",\"name\":\"Belgian Fire Safety\",\"description\":\"De specialist in brandweer producten\",\"potentialAction\":[{\"@type\":\"SearchAction\",\"target\":{\"@type\":\"EntryPoint\",\"urlTemplate\":\"https:\/\/belgianfiresafety.com\/fr\/?s={search_term_string}\"},\"query-input\":{\"@type\":\"PropertyValueSpecification\",\"valueRequired\":true,\"valueName\":\"search_term_string\"}}],\"inLanguage\":\"fr-FR\"}]}<\/script>\n<!-- \/ Yoast SEO plugin. -->","yoast_head_json":{"title":"I-POK - Belgian Fire Safety","robots":{"index":"index","follow":"follow","max-snippet":"max-snippet:-1","max-image-preview":"max-image-preview:large","max-video-preview":"max-video-preview:-1"},"canonical":"https:\/\/belgianfiresafety.com\/fr\/catalogus\/lances\/i-pok\/","og_locale":"fr_FR","og_type":"article","og_title":"I-POK - Belgian Fire Safety","og_description":"Notre gamme de lances haute pression ''I-POK'' a \u00e9t\u00e9 con\u00e7ue pour \u00eatre utilis\u00e9e \u00e0 des pressions de 6 et 40 bar. Leur conception a \u00e9t\u00e9 pens\u00e9e pour exercer une force du bras et non du poignet. Le syst\u00e8me de g\u00e2chette permet d\u2019exercer un pulsing puissant et efficace. Possibilit\u00e9 d\u2019adapter une t\u00eate de diffusion \u00e0 d\u00e9bit et jet r\u00e9glable.","og_url":"https:\/\/belgianfiresafety.com\/fr\/catalogus\/lances\/i-pok\/","og_site_name":"Belgian Fire Safety","article_modified_time":"2018-11-27T14:15:42+00:00","og_image":[{"width":494,"height":465,"url":"https:\/\/belgianfiresafety.com\/wp-content\/uploads\/2018\/08\/IPOK-.png","type":"image\/png"}],"twitter_card":"summary_large_image","schema":{"@context":"https:\/\/schema.org","@graph":[{"@type":"WebPage","@id":"https:\/\/belgianfiresafety.com\/fr\/catalogus\/lances\/i-pok\/","url":"https:\/\/belgianfiresafety.com\/fr\/catalogus\/lances\/i-pok\/","name":"I-POK - Belgian Fire Safety","isPartOf":{"@id":"https:\/\/belgianfiresafety.com\/fr\/#website"},"primaryImageOfPage":{"@id":"https:\/\/belgianfiresafety.com\/fr\/catalogus\/lances\/i-pok\/#primaryimage"},"image":{"@id":"https:\/\/belgianfiresafety.com\/fr\/catalogus\/lances\/i-pok\/#primaryimage"},"thumbnailUrl":"https:\/\/belgianfiresafety.com\/wp-content\/uploads\/2018\/08\/IPOK-.png","datePublished":"2018-08-02T12:01:49+00:00","dateModified":"2018-11-27T14:15:42+00:00","breadcrumb":{"@id":"https:\/\/belgianfiresafety.com\/fr\/catalogus\/lances\/i-pok\/#breadcrumb"},"inLanguage":"fr-FR","potentialAction":[{"@type":"ReadAction","target":["https:\/\/belgianfiresafety.com\/fr\/catalogus\/lances\/i-pok\/"]}]},{"@type":"ImageObject","inLanguage":"fr-FR","@id":"https:\/\/belgianfiresafety.com\/fr\/catalogus\/lances\/i-pok\/#primaryimage","url":"https:\/\/belgianfiresafety.com\/wp-content\/uploads\/2018\/08\/IPOK-.png","contentUrl":"https:\/\/belgianfiresafety.com\/wp-content\/uploads\/2018\/08\/IPOK-.png","width":494,"height":465},{"@type":"BreadcrumbList","@id":"https:\/\/belgianfiresafety.com\/fr\/catalogus\/lances\/i-pok\/#breadcrumb","itemListElement":[{"@type":"ListItem","position":1,"name":"Home","item":"https:\/\/belgianfiresafety.com\/fr\/"},{"@type":"ListItem","position":2,"name":"Catalogue","item":"https:\/\/belgianfiresafety.com\/catalogus\/"},{"@type":"ListItem","position":3,"name":"I-POK"}]},{"@type":"WebSite","@id":"https:\/\/belgianfiresafety.com\/fr\/#website","url":"https:\/\/belgianfiresafety.com\/fr\/","name":"Belgian Fire Safety","description":"De specialist in brandweer producten","potentialAction":[{"@type":"SearchAction","target":{"@type":"EntryPoint","urlTemplate":"https:\/\/belgianfiresafety.com\/fr\/?s={search_term_string}"},"query-input":{"@type":"PropertyValueSpecification","valueRequired":true,"valueName":"search_term_string"}}],"inLanguage":"fr-FR"}]}},"_links":{"self":[{"href":"https:\/\/belgianfiresafety.com\/fr\/wp-json\/wp\/v2\/product\/1942"}],"collection":[{"href":"https:\/\/belgianfiresafety.com\/fr\/wp-json\/wp\/v2\/product"}],"about":[{"href":"https:\/\/belgianfiresafety.com\/fr\/wp-json\/wp\/v2\/types\/product"}],"wp:featuredmedia":[{"embeddable":true,"href":"https:\/\/belgianfiresafety.com\/fr\/wp-json\/wp\/v2\/media\/1129"}],"wp:attachment":[{"href":"https:\/\/belgianfiresafety.com\/fr\/wp-json\/wp\/v2\/media?parent=1942"}],"wp:term":[{"taxonomy":"product_brand","embeddable":true,"href":"https:\/\/belgianfiresafety.com\/fr\/wp-json\/wp\/v2\/product_brand?post=1942"},{"taxonomy":"product_cat","embeddable":true,"href":"https:\/\/belgianfiresafety.com\/fr\/wp-json\/wp\/v2\/product_cat?post=1942"},{"taxonomy":"product_tag","embeddable":true,"href":"https:\/\/belgianfiresafety.com\/fr\/wp-json\/wp\/v2\/product_tag?post=1942"}],"curies":[{"name":"wp","href":"https:\/\/api.w.org\/{rel}","templated":true}]}}